{"id":13032,"date":"2022-07-25T18:59:21","date_gmt":"2022-07-26T01:59:21","guid":{"rendered":"https:\/\/luxeconceptsinc.com\/oldcastle\/"},"modified":"2023-12-19T20:32:45","modified_gmt":"2023-12-20T04:32:45","slug":"oldcastle","status":"publish","type":"page","link":"https:\/\/luxeconceptsinc.com\/es\/marcas\/oldcastle\/","title":{"rendered":"Oldcastle"},"content":{"rendered":"\t\t<div data-elementor-type=\"wp-page\" data-elementor-id=\"13032\" class=\"elementor elementor-13032 elementor-11674\" data-elementor-post-type=\"page\">\n\t\t\t\t\t\t<section class=\"wd-negative-gap elementor-section elementor-top-section elementor-element elementor-element-a17a7c6 elementor-section-content-top elementor-reverse-mobile elementor-section-boxed elementor-section-height-default elementor-section-height-default\" data-id=\"a17a7c6\" data-element_type=\"section\" data-e-type=\"section\">\n\t\t\t\t\t\t<div class=\"elementor-container elementor-column-gap-default\">\n\t\t\t\t\t<div class=\"elementor-column elementor-col-66 elementor-top-column elementor-element elementor-element-17434854\" data-id=\"17434854\" data-element_type=\"column\" data-e-type=\"column\">\n\t\t\t<div class=\"elementor-widget-wrap elementor-element-populated\">\n\t\t\t\t\t\t<div class=\"elementor-element elementor-element-494e0eb wd-width-100 elementor-widget elementor-widget-wd_images_gallery\" data-id=\"494e0eb\" data-element_type=\"widget\" data-e-type=\"widget\" data-widget_type=\"wd_images_gallery.default\">\n\t\t\t\t<div class=\"elementor-widget-container\">\n\t\t\t\t\t\t\t<div class=\"wd-images-gallery photoswipe-images\" style=\"--wd-align-items:center; --wd-justify-content:center;\">\n\t\t\t\t\t\t<div class=\"wd-grid-g\" style=\"--wd-col-lg:2;--wd-col-md:2;--wd-col-sm:1;--wd-gap-lg:20px;--wd-gap-sm:10px;\" >\n\t\t\t\t\t\t\t\t\t\t\t\t\t\t\t\t\t\t<div class=\"wd-gallery-item wd-col\">\n\t\t\t\t\t\t\t\t\t\t\t\t\t<a  href=\"https:\/\/luxeconceptsinc.com\/wp-content\/uploads\/sites\/9\/2022\/08\/Jaguar-Land-Rover-Dealership_Grand-Rapids-Mi-1200x700-1.jpg\" data-width=\"1200\" data-height=\"700\" data-index=\"1\" data-elementor-open-lightbox=\"no\">\n\t\t\t\t\t\t\n\t\t\t\t\t\t<img fetchpriority=\"high\" decoding=\"async\" width=\"1200\" height=\"700\" src=\"https:\/\/luxeconceptsinc.com\/wp-content\/uploads\/sites\/9\/2022\/08\/Jaguar-Land-Rover-Dealership_Grand-Rapids-Mi-1200x700-1.jpg\" class=\"attachment-full size-full\" alt=\"Jaguar-Land-Rover-Dealership_Grand-Rapids-Mi-1200x700\" srcset=\"https:\/\/luxeconceptsinc.com\/wp-content\/uploads\/sites\/9\/2022\/08\/Jaguar-Land-Rover-Dealership_Grand-Rapids-Mi-1200x700-1.jpg 1200w, https:\/\/luxeconceptsinc.com\/wp-content\/uploads\/sites\/9\/2022\/08\/Jaguar-Land-Rover-Dealership_Grand-Rapids-Mi-1200x700-1-400x233.jpg 400w, https:\/\/luxeconceptsinc.com\/wp-content\/uploads\/sites\/9\/2022\/08\/Jaguar-Land-Rover-Dealership_Grand-Rapids-Mi-1200x700-1-768x448.jpg 768w, https:\/\/luxeconceptsinc.com\/wp-content\/uploads\/sites\/9\/2022\/08\/Jaguar-Land-Rover-Dealership_Grand-Rapids-Mi-1200x700-1-860x502.jpg 860w, https:\/\/luxeconceptsinc.com\/wp-content\/uploads\/sites\/9\/2022\/08\/Jaguar-Land-Rover-Dealership_Grand-Rapids-Mi-1200x700-1-430x251.jpg 430w, https:\/\/luxeconceptsinc.com\/wp-content\/uploads\/sites\/9\/2022\/08\/Jaguar-Land-Rover-Dealership_Grand-Rapids-Mi-1200x700-1-700x408.jpg 700w, https:\/\/luxeconceptsinc.com\/wp-content\/uploads\/sites\/9\/2022\/08\/Jaguar-Land-Rover-Dealership_Grand-Rapids-Mi-1200x700-1-150x88.jpg 150w\" sizes=\"(max-width: 1200px) 100vw, 1200px\" \/>\n\t\t\t\t\t\t\t\t\t\t\t\t\t<\/a>\n\t\t\t\t\t\t\t\t\t\t\t<\/div>\n\t\t\t\t\t\t\t\t\t\t\t\t\t\t\t<div class=\"wd-gallery-item wd-col\">\n\t\t\t\t\t\t\t\t\t\t\t\t\t<a  href=\"https:\/\/luxeconceptsinc.com\/wp-content\/uploads\/sites\/9\/2022\/08\/Jaguar-Land-Rover-Dealership_Salt-Lake-City-UT-1200x700-1.jpg\" data-width=\"1200\" data-height=\"700\" data-index=\"2\" data-elementor-open-lightbox=\"no\">\n\t\t\t\t\t\t\n\t\t\t\t\t\t<img decoding=\"async\" width=\"1200\" height=\"700\" src=\"https:\/\/luxeconceptsinc.com\/wp-content\/uploads\/sites\/9\/2022\/08\/Jaguar-Land-Rover-Dealership_Salt-Lake-City-UT-1200x700-1.jpg\" class=\"attachment-full size-full\" alt=\"Jaguar-Land-Rover-Dealership_Salt-Lake-City-UT-1200x700\" srcset=\"https:\/\/luxeconceptsinc.com\/wp-content\/uploads\/sites\/9\/2022\/08\/Jaguar-Land-Rover-Dealership_Salt-Lake-City-UT-1200x700-1.jpg 1200w, https:\/\/luxeconceptsinc.com\/wp-content\/uploads\/sites\/9\/2022\/08\/Jaguar-Land-Rover-Dealership_Salt-Lake-City-UT-1200x700-1-400x233.jpg 400w, https:\/\/luxeconceptsinc.com\/wp-content\/uploads\/sites\/9\/2022\/08\/Jaguar-Land-Rover-Dealership_Salt-Lake-City-UT-1200x700-1-768x448.jpg 768w, https:\/\/luxeconceptsinc.com\/wp-content\/uploads\/sites\/9\/2022\/08\/Jaguar-Land-Rover-Dealership_Salt-Lake-City-UT-1200x700-1-860x502.jpg 860w, https:\/\/luxeconceptsinc.com\/wp-content\/uploads\/sites\/9\/2022\/08\/Jaguar-Land-Rover-Dealership_Salt-Lake-City-UT-1200x700-1-430x251.jpg 430w, https:\/\/luxeconceptsinc.com\/wp-content\/uploads\/sites\/9\/2022\/08\/Jaguar-Land-Rover-Dealership_Salt-Lake-City-UT-1200x700-1-700x408.jpg 700w, https:\/\/luxeconceptsinc.com\/wp-content\/uploads\/sites\/9\/2022\/08\/Jaguar-Land-Rover-Dealership_Salt-Lake-City-UT-1200x700-1-150x88.jpg 150w\" sizes=\"(max-width: 1200px) 100vw, 1200px\" \/>\n\t\t\t\t\t\t\t\t\t\t\t\t\t<\/a>\n\t\t\t\t\t\t\t\t\t\t\t<\/div>\n\t\t\t\t\t\t\t\t\t\t\t\t\t<\/div>\n\t\t\t\t\t<\/div>\n\t\t\t\t\t\t<\/div>\n\t\t\t\t<\/div>\n\t\t\t\t<div class=\"elementor-element elementor-element-432cf10 elementor-widget elementor-widget-wd_image_or_svg\" data-id=\"432cf10\" data-element_type=\"widget\" data-e-type=\"widget\" data-widget_type=\"wd_image_or_svg.default\">\n\t\t\t\t<div class=\"elementor-widget-container\">\n\t\t\t\t\t\n\t\t<div class=\"wd-image text-left photoswipe-images\">\n\t\t\t\t\t\t\t<a  href=\"https:\/\/bayvoicebiz.com\/luxe\/wp-content\/uploads\/sites\/9\/2022\/08\/Porche_Dealer-St-Paul-1200x700-1.jpg\"data-width=\"1200\" data-height=\"700\" data-elementor-open-lightbox=\"no\" aria-label=\"Image link\">\n\t\t\t\t\t\t\t\t<img decoding=\"async\" width=\"1200\" height=\"700\" src=\"https:\/\/luxeconceptsinc.com\/wp-content\/uploads\/sites\/9\/2022\/08\/Porche_Dealer-St-Paul-1200x700-1.jpg\" class=\"attachment-full size-full\" alt=\"\" srcset=\"https:\/\/luxeconceptsinc.com\/wp-content\/uploads\/sites\/9\/2022\/08\/Porche_Dealer-St-Paul-1200x700-1.jpg 1200w, https:\/\/luxeconceptsinc.com\/wp-content\/uploads\/sites\/9\/2022\/08\/Porche_Dealer-St-Paul-1200x700-1-400x233.jpg 400w, https:\/\/luxeconceptsinc.com\/wp-content\/uploads\/sites\/9\/2022\/08\/Porche_Dealer-St-Paul-1200x700-1-768x448.jpg 768w, https:\/\/luxeconceptsinc.com\/wp-content\/uploads\/sites\/9\/2022\/08\/Porche_Dealer-St-Paul-1200x700-1-860x502.jpg 860w, https:\/\/luxeconceptsinc.com\/wp-content\/uploads\/sites\/9\/2022\/08\/Porche_Dealer-St-Paul-1200x700-1-430x251.jpg 430w, https:\/\/luxeconceptsinc.com\/wp-content\/uploads\/sites\/9\/2022\/08\/Porche_Dealer-St-Paul-1200x700-1-700x408.jpg 700w, https:\/\/luxeconceptsinc.com\/wp-content\/uploads\/sites\/9\/2022\/08\/Porche_Dealer-St-Paul-1200x700-1-150x88.jpg 150w\" sizes=\"(max-width: 1200px) 100vw, 1200px\" \/>\t\t\t\t\t\t\t<\/a>\n\t\t\t\t\t<\/div>\n\n\t\t\t\t\t\t<\/div>\n\t\t\t\t<\/div>\n\t\t\t\t\t<\/div>\n\t\t<\/div>\n\t\t\t\t<div class=\"elementor-column elementor-col-33 elementor-top-column elementor-element elementor-element-452c18c9 wd-elementor-sticky-column wd_sticky_offset_150\" data-id=\"452c18c9\" data-element_type=\"column\" data-e-type=\"column\">\n\t\t\t<div class=\"elementor-widget-wrap elementor-element-populated\">\n\t\t\t\t\t\t<section class=\"wd-negative-gap elementor-section elementor-inner-section elementor-element elementor-element-9fb4e57 elementor-section-boxed elementor-section-height-default elementor-section-height-default\" data-id=\"9fb4e57\" data-element_type=\"section\" data-e-type=\"section\">\n\t\t\t\t\t\t<div class=\"elementor-container elementor-column-gap-default\">\n\t\t\t\t\t<div class=\"elementor-column elementor-col-100 elementor-inner-column elementor-element elementor-element-484a998d\" data-id=\"484a998d\" data-element_type=\"column\" data-e-type=\"column\">\n\t\t\t<div class=\"elementor-widget-wrap elementor-element-populated\">\n\t\t\t\t\t\t<div class=\"elementor-element elementor-element-c4cd0ef elementor-position-top elementor-widget elementor-widget-image-box\" data-id=\"c4cd0ef\" data-element_type=\"widget\" data-e-type=\"widget\" data-widget_type=\"image-box.default\">\n\t\t\t\t<div class=\"elementor-widget-container\">\n\t\t\t\t\t<div class=\"elementor-image-box-wrapper\"><figure class=\"elementor-image-box-img\"><img loading=\"lazy\" decoding=\"async\" width=\"260\" height=\"132\" src=\"https:\/\/luxeconceptsinc.com\/wp-content\/uploads\/sites\/9\/2022\/07\/obe_logo-260.png\" class=\"attachment-full size-full wp-image-13033\" alt=\"\" srcset=\"https:\/\/luxeconceptsinc.com\/wp-content\/uploads\/sites\/9\/2022\/07\/obe_logo-260.png 260w, https:\/\/luxeconceptsinc.com\/wp-content\/uploads\/sites\/9\/2022\/07\/obe_logo-260-150x76.png 150w\" sizes=\"(max-width: 260px) 100vw, 260px\" \/><\/figure><div class=\"elementor-image-box-content\"><h3 class=\"elementor-image-box-title\">Revestimiento de edificios Oldcastle<\/h3><p class=\"elementor-image-box-description\">Oldcastle es el proveedor l\u00edder de productos y servicios de valor a\u00f1adido centrados en el acristalamiento. Su equipo de expertos ayuda a arquitectos, vidrieros, contratistas y propietarios a resolver los retos de dise\u00f1o y dar vida a los proyectos. La soluci\u00f3n no es s\u00f3lo un producto, es una colaboraci\u00f3n. Dise\u00f1an, proyectan, prueban y fabrican soluciones en muros cortina, escaparates y entradas, vidrio arquitect\u00f3nico, mamparas de ducha, herrajes para acristalamiento, ventanas, barandillas y mucho m\u00e1s. P\u00f3ngase en contacto con ellos para ver c\u00f3mo pueden ayudarle a hacer realidad su pr\u00f3xima idea.<\/p><\/div><\/div>\t\t\t\t<\/div>\n\t\t\t\t<\/div>\n\t\t\t\t<div class=\"elementor-element elementor-element-3c35585 elementor-widget elementor-widget-wd_list\" data-id=\"3c35585\" data-element_type=\"widget\" data-e-type=\"widget\" data-widget_type=\"wd_list.default\">\n\t\t\t\t<div class=\"elementor-widget-container\">\n\t\t\t\t\t\t\t<ul class=\"wd-list color-scheme- wd-fontsize-xs wd-type-icon wd-style-default text-left\">\n\t\t\t\t\t\t\t\t\t\t\t<li class=\"elementor-repeater-item-8b57302\">\n\t\t\t\t\t\t\t\t\t\t\t<span class=\"wd-icon\"><span class=\"fas fa-angle-double-right\"><\/span><\/span>\t\t\t\t\t\n\t\t\t\t\t<span class=\"wd-list-content list-content\">\n\t\t\t\t\t\thttps:\/\/obe.com\/\t\t\t\t\t<\/span>\n\n\t\t\t\t\t\n\t\t\t\t\t\t<a  href=\"https:\/\/obe.com\/\" target=\"_blank\" class=\"wd-fill\" aria-label=\"List item link\"><\/a>\n\t\t\t\t\t\t\t\t\t<\/li>\n\t\t\t\t\t<\/ul>\n\n\t\t\t\t\t\t<\/div>\n\t\t\t\t<\/div>\n\t\t\t\t\t<\/div>\n\t\t<\/div>\n\t\t\t\t\t<\/div>\n\t\t<\/section>\n\t\t\t\t\t<\/div>\n\t\t<\/div>\n\t\t\t\t\t<\/div>\n\t\t<\/section>\n\t\t\t\t<\/div>\n\t\t","protected":false},"excerpt":{"rendered":"<p>Revestimiento de edificios Oldcastle Oldcastle es el proveedor l\u00edder de productos y servicios de valor a\u00f1adido centrados en el acristalamiento.<\/p>\n","protected":false},"author":3,"featured_media":0,"parent":13057,"menu_order":0,"comment_status":"closed","ping_status":"closed","template":"","meta":{"footnotes":"","_links_to":"","_links_to_target":""},"class_list":["post-13032","page","type-page","status-publish","hentry"],"yoast_head":"<!-- This site is optimized with the Yoast SEO plugin v27.3 - https:\/\/yoast.com\/product\/yoast-seo-wordpress\/ -->\n<title>Oldcastle - Luxe Concepts Windows &amp; Glass, INC.<\/title>\n<meta name=\"robots\" content=\"index, follow, max-snippet:-1, max-image-preview:large, max-video-preview:-1\" \/>\n<link rel=\"canonical\" href=\"https:\/\/luxeconceptsinc.com\/brands\/oldcastle\/\" \/>\n<meta property=\"og:locale\" content=\"es_ES\" \/>\n<meta property=\"og:type\" content=\"article\" \/>\n<meta property=\"og:title\" content=\"Oldcastle - Luxe Concepts Windows &amp; Glass, INC.\" \/>\n<meta property=\"og:description\" content=\"Revestimiento de edificios Oldcastle Oldcastle es el proveedor l\u00edder de productos y servicios de valor a\u00f1adido centrados en el acristalamiento.\" \/>\n<meta property=\"og:url\" content=\"https:\/\/luxeconceptsinc.com\/brands\/oldcastle\/\" \/>\n<meta property=\"og:site_name\" content=\"Luxe Concepts Windows &amp; Glass, INC.\" \/>\n<meta property=\"article:modified_time\" content=\"2023-12-20T04:32:45+00:00\" \/>\n<meta property=\"og:image\" content=\"https:\/\/luxeconceptsinc.com\/wp-content\/uploads\/sites\/9\/2022\/08\/Jaguar-Land-Rover-Dealership_Grand-Rapids-Mi-1200x700-1.jpg\" \/>\n<meta name=\"twitter:card\" content=\"summary_large_image\" \/>\n<meta name=\"twitter:label1\" content=\"Tiempo de lectura\" \/>\n\t<meta name=\"twitter:data1\" content=\"2 minutos\" \/>\n<script type=\"application\/ld+json\" class=\"yoast-schema-graph\">{\"@context\":\"https:\\\/\\\/schema.org\",\"@graph\":[{\"@type\":\"WebPage\",\"@id\":\"https:\\\/\\\/luxeconceptsinc.com\\\/brands\\\/oldcastle\\\/\",\"url\":\"https:\\\/\\\/luxeconceptsinc.com\\\/brands\\\/oldcastle\\\/\",\"name\":\"Oldcastle - Luxe Concepts Windows &amp; Glass, INC.\",\"isPartOf\":{\"@id\":\"https:\\\/\\\/luxeconceptsinc.com\\\/#website\"},\"primaryImageOfPage\":{\"@id\":\"https:\\\/\\\/luxeconceptsinc.com\\\/brands\\\/oldcastle\\\/#primaryimage\"},\"image\":{\"@id\":\"https:\\\/\\\/luxeconceptsinc.com\\\/brands\\\/oldcastle\\\/#primaryimage\"},\"thumbnailUrl\":\"https:\\\/\\\/luxeconceptsinc.com\\\/wp-content\\\/uploads\\\/sites\\\/9\\\/2022\\\/08\\\/Jaguar-Land-Rover-Dealership_Grand-Rapids-Mi-1200x700-1.jpg\",\"datePublished\":\"2022-07-26T01:59:21+00:00\",\"dateModified\":\"2023-12-20T04:32:45+00:00\",\"breadcrumb\":{\"@id\":\"https:\\\/\\\/luxeconceptsinc.com\\\/brands\\\/oldcastle\\\/#breadcrumb\"},\"inLanguage\":\"es\",\"potentialAction\":[{\"@type\":\"ReadAction\",\"target\":[\"https:\\\/\\\/luxeconceptsinc.com\\\/brands\\\/oldcastle\\\/\"]}]},{\"@type\":\"ImageObject\",\"inLanguage\":\"es\",\"@id\":\"https:\\\/\\\/luxeconceptsinc.com\\\/brands\\\/oldcastle\\\/#primaryimage\",\"url\":\"https:\\\/\\\/luxeconceptsinc.com\\\/wp-content\\\/uploads\\\/sites\\\/9\\\/2022\\\/08\\\/Jaguar-Land-Rover-Dealership_Grand-Rapids-Mi-1200x700-1.jpg\",\"contentUrl\":\"https:\\\/\\\/luxeconceptsinc.com\\\/wp-content\\\/uploads\\\/sites\\\/9\\\/2022\\\/08\\\/Jaguar-Land-Rover-Dealership_Grand-Rapids-Mi-1200x700-1.jpg\"},{\"@type\":\"BreadcrumbList\",\"@id\":\"https:\\\/\\\/luxeconceptsinc.com\\\/brands\\\/oldcastle\\\/#breadcrumb\",\"itemListElement\":[{\"@type\":\"ListItem\",\"position\":1,\"name\":\"Home\",\"item\":\"https:\\\/\\\/luxeconceptsinc.com\\\/zh-hant\\\/\"},{\"@type\":\"ListItem\",\"position\":2,\"name\":\"Marcas\",\"item\":\"https:\\\/\\\/luxeconceptsinc.com\\\/brands\\\/\"},{\"@type\":\"ListItem\",\"position\":3,\"name\":\"Oldcastle\"}]},{\"@type\":\"WebSite\",\"@id\":\"https:\\\/\\\/luxeconceptsinc.com\\\/#website\",\"url\":\"https:\\\/\\\/luxeconceptsinc.com\\\/\",\"name\":\"Luxe Concepts Windows &amp; Glass, INC.\",\"description\":\"San Leandro Window and Door Retailer\",\"potentialAction\":[{\"@type\":\"SearchAction\",\"target\":{\"@type\":\"EntryPoint\",\"urlTemplate\":\"https:\\\/\\\/luxeconceptsinc.com\\\/?s={search_term_string}\"},\"query-input\":{\"@type\":\"PropertyValueSpecification\",\"valueRequired\":true,\"valueName\":\"search_term_string\"}}],\"inLanguage\":\"es\"}]}<\/script>\n<!-- \/ Yoast SEO plugin. -->","yoast_head_json":{"title":"Oldcastle - Luxe Concepts Windows &amp; Glass, INC.","robots":{"index":"index","follow":"follow","max-snippet":"max-snippet:-1","max-image-preview":"max-image-preview:large","max-video-preview":"max-video-preview:-1"},"canonical":"https:\/\/luxeconceptsinc.com\/brands\/oldcastle\/","og_locale":"es_ES","og_type":"article","og_title":"Oldcastle - Luxe Concepts Windows &amp; Glass, INC.","og_description":"Revestimiento de edificios Oldcastle Oldcastle es el proveedor l\u00edder de productos y servicios de valor a\u00f1adido centrados en el acristalamiento.","og_url":"https:\/\/luxeconceptsinc.com\/brands\/oldcastle\/","og_site_name":"Luxe Concepts Windows &amp; Glass, INC.","article_modified_time":"2023-12-20T04:32:45+00:00","og_image":[{"url":"https:\/\/luxeconceptsinc.com\/wp-content\/uploads\/sites\/9\/2022\/08\/Jaguar-Land-Rover-Dealership_Grand-Rapids-Mi-1200x700-1.jpg","type":"","width":"","height":""}],"twitter_card":"summary_large_image","twitter_misc":{"Tiempo de lectura":"2 minutos"},"schema":{"@context":"https:\/\/schema.org","@graph":[{"@type":"WebPage","@id":"https:\/\/luxeconceptsinc.com\/brands\/oldcastle\/","url":"https:\/\/luxeconceptsinc.com\/brands\/oldcastle\/","name":"Oldcastle - Luxe Concepts Windows &amp; Glass, INC.","isPartOf":{"@id":"https:\/\/luxeconceptsinc.com\/#website"},"primaryImageOfPage":{"@id":"https:\/\/luxeconceptsinc.com\/brands\/oldcastle\/#primaryimage"},"image":{"@id":"https:\/\/luxeconceptsinc.com\/brands\/oldcastle\/#primaryimage"},"thumbnailUrl":"https:\/\/luxeconceptsinc.com\/wp-content\/uploads\/sites\/9\/2022\/08\/Jaguar-Land-Rover-Dealership_Grand-Rapids-Mi-1200x700-1.jpg","datePublished":"2022-07-26T01:59:21+00:00","dateModified":"2023-12-20T04:32:45+00:00","breadcrumb":{"@id":"https:\/\/luxeconceptsinc.com\/brands\/oldcastle\/#breadcrumb"},"inLanguage":"es","potentialAction":[{"@type":"ReadAction","target":["https:\/\/luxeconceptsinc.com\/brands\/oldcastle\/"]}]},{"@type":"ImageObject","inLanguage":"es","@id":"https:\/\/luxeconceptsinc.com\/brands\/oldcastle\/#primaryimage","url":"https:\/\/luxeconceptsinc.com\/wp-content\/uploads\/sites\/9\/2022\/08\/Jaguar-Land-Rover-Dealership_Grand-Rapids-Mi-1200x700-1.jpg","contentUrl":"https:\/\/luxeconceptsinc.com\/wp-content\/uploads\/sites\/9\/2022\/08\/Jaguar-Land-Rover-Dealership_Grand-Rapids-Mi-1200x700-1.jpg"},{"@type":"BreadcrumbList","@id":"https:\/\/luxeconceptsinc.com\/brands\/oldcastle\/#breadcrumb","itemListElement":[{"@type":"ListItem","position":1,"name":"Home","item":"https:\/\/luxeconceptsinc.com\/zh-hant\/"},{"@type":"ListItem","position":2,"name":"Marcas","item":"https:\/\/luxeconceptsinc.com\/brands\/"},{"@type":"ListItem","position":3,"name":"Oldcastle"}]},{"@type":"WebSite","@id":"https:\/\/luxeconceptsinc.com\/#website","url":"https:\/\/luxeconceptsinc.com\/","name":"Luxe Concepts Windows &amp; Glass, INC.","description":"San Leandro Window and Door Retailer","potentialAction":[{"@type":"SearchAction","target":{"@type":"EntryPoint","urlTemplate":"https:\/\/luxeconceptsinc.com\/?s={search_term_string}"},"query-input":{"@type":"PropertyValueSpecification","valueRequired":true,"valueName":"search_term_string"}}],"inLanguage":"es"}]}},"_links":{"self":[{"href":"https:\/\/luxeconceptsinc.com\/es\/wp-json\/wp\/v2\/pages\/13032","targetHints":{"allow":["GET"]}}],"collection":[{"href":"https:\/\/luxeconceptsinc.com\/es\/wp-json\/wp\/v2\/pages"}],"about":[{"href":"https:\/\/luxeconceptsinc.com\/es\/wp-json\/wp\/v2\/types\/page"}],"author":[{"embeddable":true,"href":"https:\/\/luxeconceptsinc.com\/es\/wp-json\/wp\/v2\/users\/3"}],"replies":[{"embeddable":true,"href":"https:\/\/luxeconceptsinc.com\/es\/wp-json\/wp\/v2\/comments?post=13032"}],"version-history":[{"count":0,"href":"https:\/\/luxeconceptsinc.com\/es\/wp-json\/wp\/v2\/pages\/13032\/revisions"}],"up":[{"embeddable":true,"href":"https:\/\/luxeconceptsinc.com\/es\/wp-json\/wp\/v2\/pages\/13057"}],"wp:attachment":[{"href":"https:\/\/luxeconceptsinc.com\/es\/wp-json\/wp\/v2\/media?parent=13032"}],"curies":[{"name":"wp","href":"https:\/\/api.w.org\/{rel}","templated":true}]}}